{"id":988,"date":"2021-11-11T09:53:24","date_gmt":"2021-11-11T09:53:24","guid":{"rendered":"https:\/\/www.bvimedical.com\/de\/\/?post_type=product&#038;p=988"},"modified":"2023-05-02T11:23:35","modified_gmt":"2023-05-02T09:23:35","slug":"kanulen","status":"publish","type":"product","link":"https:\/\/www.bvimedical.com\/de\/product\/kanulen\/","title":{"rendered":"Kan\u00fclen"},"content":{"rendered":"<p><strong>Beschreibung<\/strong><\/p>\n<p>Wir bieten ein breites Portfolio an Einwegkan\u00fclen, um die vielf\u00e4ltigen Bed\u00fcrfnisse moderner Augenchirurgen zu erf\u00fcllen. Wir sind seit 40\u202fJahren Marktf\u00fchrer und suchen stets nach Innovationen und hochwertigen Prozessen, um den sich st\u00e4ndig \u00e4ndernden chirurgischen Bed\u00fcrfnissen gerecht zu werden und Chirurgen bei der Bereitstellung einer qualitativ hochwertigen Patientenversorgung zu unterst\u00fctzen.\u202fDa die mikroinzisionale Chirurgie weiter zunimmt, spielen Einwegkan\u00fclen eine wichtige Rolle bei der F\u00f6rderung der Patientensicherheit.<\/p>\n<p>&nbsp;<\/p>\n<p><strong>Brosch\u00fcren<\/strong><\/p>\n<p><a href=\"https:\/\/www.bvimedical.com\/wp-content\/uploads\/2022\/05\/1536846-02-IN-BVI-Visitec-Cannulas-Final.pdf\" target=\"_blank\" rel=\"noopener\"><img decoding=\"async\" class=\"pdf-link-image\" src=\"https:\/\/www.bvimedical.com\/wp-content\/uploads\/2021\/11\/brochure.png\" \/>Visitec<sup>\u00ae<\/sup> Cannula Portfolio <b>Download<\/b><\/a><\/p>\n<p><a href=\"https:\/\/www.bvimedical.com\/wp-content\/uploads\/2022\/02\/1619742-01_IN_Vitreq_Cannulas_and_Needles_Brochure.pdf\" target=\"_blank\" rel=\"noopener\"><img decoding=\"async\" class=\"pdf-link-image\" src=\"https:\/\/www.bvimedical.com\/wp-content\/uploads\/2021\/11\/brochure.png\" \/>Vitreq<sup>\u00ae<\/sup> Cannula Portfolio <b>Download<\/b><\/a><\/p>\n<div class=\"get-us-url\">\n<div>https:\/\/www.bvimedical.com\/de\/wp-content\/uploads\/sites\/4\/2023\/11\/BVI-Product-Catalog-2023.pdf<\/div>\n<\/div>\n<p><a class=\"contact-fix uscat\" target=\"_blank\" rel=\"noopener\">Download US Catalog<\/a><\/p>\n<p><a class=\"contact-fix\" href=\"\/de\/contact\">Contact us<\/a><\/p>\n","protected":false},"excerpt":{"rendered":"<p>Discover our range of Visitec and Vitreq cannulas<\/p>\n","protected":false},"featured_media":4170,"comment_status":"closed","ping_status":"closed","template":"","meta":{"_acf_changed":false,"_relevanssi_hide_post":"","_relevanssi_hide_content":"","_relevanssi_pin_for_all":"","_relevanssi_pin_keywords":"","_relevanssi_unpin_keywords":"","_relevanssi_related_keywords":"","_relevanssi_related_include_ids":"","_relevanssi_related_exclude_ids":"","_relevanssi_related_no_append":"","_relevanssi_related_not_related":"","_relevanssi_related_posts":"","_relevanssi_noindex_reason":""},"product_brand":[],"product_cat":[21],"product_tag":[],"class_list":{"0":"post-988","1":"product","2":"type-product","3":"status-publish","4":"has-post-thumbnail","6":"product_cat-cannulas","8":"first","9":"instock","10":"virtual","11":"product-type-simple"},"acf":[],"_links":{"self":[{"href":"https:\/\/www.bvimedical.com\/de\/wp-json\/wp\/v2\/product\/988","targetHints":{"allow":["GET"]}}],"collection":[{"href":"https:\/\/www.bvimedical.com\/de\/wp-json\/wp\/v2\/product"}],"about":[{"href":"https:\/\/www.bvimedical.com\/de\/wp-json\/wp\/v2\/types\/product"}],"replies":[{"embeddable":true,"href":"https:\/\/www.bvimedical.com\/de\/wp-json\/wp\/v2\/comments?post=988"}],"wp:featuredmedia":[{"embeddable":true,"href":"https:\/\/www.bvimedical.com\/de\/wp-json\/wp\/v2\/media\/4170"}],"wp:attachment":[{"href":"https:\/\/www.bvimedical.com\/de\/wp-json\/wp\/v2\/media?parent=988"}],"wp:term":[{"taxonomy":"product_brand","embeddable":true,"href":"https:\/\/www.bvimedical.com\/de\/wp-json\/wp\/v2\/product_brand?post=988"},{"taxonomy":"product_cat","embeddable":true,"href":"https:\/\/www.bvimedical.com\/de\/wp-json\/wp\/v2\/product_cat?post=988"},{"taxonomy":"product_tag","embeddable":true,"href":"https:\/\/www.bvimedical.com\/de\/wp-json\/wp\/v2\/product_tag?post=988"}],"curies":[{"name":"wp","href":"https:\/\/api.w.org\/{rel}","templated":true}]}}