{"id":1035,"date":"2021-11-11T14:07:55","date_gmt":"2021-11-11T14:07:55","guid":{"rendered":"https:\/\/www.bvimedical.com\/de\/\/?post_type=product&#038;p=1035"},"modified":"2023-05-02T11:55:14","modified_gmt":"2023-05-02T09:55:14","slug":"elektrochirurgie","status":"publish","type":"product","link":"https:\/\/www.bvimedical.com\/de\/product\/elektrochirurgie\/","title":{"rendered":"Elektrochirurgie"},"content":{"rendered":"<p><strong>Beschreibung<\/strong><\/p>\n<p>Unsere elektrochirurgischen Produkte sind f\u00fcr eine pr\u00e4zise und diskrete Koagulation mit minimalem Gewebetrauma bei vitreoretinalen Eingriffen, Glaukomfiltration und Kataraktschnitten konzipiert. Die bipolaren Eraser sind in einer Vielzahl von Gr\u00f6\u00dfen verf\u00fcgbar. Die bipolare Pinzette ist so konzipiert, dass sie eine schonende Koagulation erm\u00f6glicht.<\/p>\n<p>&nbsp;<\/p>\n<p><strong>Brosch\u00fcren<\/strong><\/p>\n<p><a href=\"https:\/\/www.bvimedical.com\/wp-content\/uploads\/2021\/12\/WetField\u00ae-Eraser\u00ae-Brochure-1517867-01_IN.pdf\" target=\"_blank\" rel=\"noopener\"><img decoding=\"async\" class=\"pdf-link-image\" src=\"https:\/\/www.bvimedical.com\/wp-content\/uploads\/2021\/11\/brochure.png\" \/>Wet-Field\u00ae Eraser\u00ae brochure International<b>Download<\/b><\/a><\/p>\n<p>&nbsp;<\/p>\n<div class=\"get-us-url\">\n<div>https:\/\/www.bvimedical.com\/de\/wp-content\/uploads\/sites\/4\/2023\/11\/BVI-Product-Catalog-2023.pdf<\/div>\n<\/div>\n<p><a class=\"contact-fix uscat\" target=\"_blank\" rel=\"noopener\">Download US Catalog<\/a><\/p>\n<p><a class=\"contact-fix\" href=\"\/de\/contact\">Contact us<\/a><\/p>\n","protected":false},"excerpt":{"rendered":"<p>Beschreibung Unsere elektrochirurgischen Produkte sind f\u00fcr eine pr\u00e4zise und diskrete Koagulation mit minimalem Gewebetrauma bei vitreoretinalen Eingriffen, Glaukomfiltration und Kataraktschnitten konzipiert. Die bipolaren Eraser sind in einer Vielzahl von Gr\u00f6\u00dfen verf\u00fcgbar. Die bipolare Pinzette ist so konzipiert, dass sie eine schonende Koagulation erm\u00f6glicht. &nbsp; Brosch\u00fcren Wet-Field\u00ae Eraser\u00ae brochure InternationalDownload &nbsp; Download US Catalog Contact us<\/p>\n","protected":false},"featured_media":2454,"comment_status":"closed","ping_status":"closed","template":"","meta":{"_acf_changed":false,"_relevanssi_hide_post":"","_relevanssi_hide_content":"","_relevanssi_pin_for_all":"","_relevanssi_pin_keywords":"","_relevanssi_unpin_keywords":"","_relevanssi_related_keywords":"","_relevanssi_related_include_ids":"","_relevanssi_related_exclude_ids":"","_relevanssi_related_no_append":"","_relevanssi_related_not_related":"","_relevanssi_related_posts":"","_relevanssi_noindex_reason":""},"product_brand":[],"product_cat":[28],"product_tag":[],"class_list":{"0":"post-1035","1":"product","2":"type-product","3":"status-publish","4":"has-post-thumbnail","6":"product_cat-electrosurgery","8":"first","9":"instock","10":"virtual","11":"product-type-simple"},"acf":[],"_links":{"self":[{"href":"https:\/\/www.bvimedical.com\/de\/wp-json\/wp\/v2\/product\/1035","targetHints":{"allow":["GET"]}}],"collection":[{"href":"https:\/\/www.bvimedical.com\/de\/wp-json\/wp\/v2\/product"}],"about":[{"href":"https:\/\/www.bvimedical.com\/de\/wp-json\/wp\/v2\/types\/product"}],"replies":[{"embeddable":true,"href":"https:\/\/www.bvimedical.com\/de\/wp-json\/wp\/v2\/comments?post=1035"}],"wp:featuredmedia":[{"embeddable":true,"href":"https:\/\/www.bvimedical.com\/de\/wp-json\/wp\/v2\/media\/2454"}],"wp:attachment":[{"href":"https:\/\/www.bvimedical.com\/de\/wp-json\/wp\/v2\/media?parent=1035"}],"wp:term":[{"taxonomy":"product_brand","embeddable":true,"href":"https:\/\/www.bvimedical.com\/de\/wp-json\/wp\/v2\/product_brand?post=1035"},{"taxonomy":"product_cat","embeddable":true,"href":"https:\/\/www.bvimedical.com\/de\/wp-json\/wp\/v2\/product_cat?post=1035"},{"taxonomy":"product_tag","embeddable":true,"href":"https:\/\/www.bvimedical.com\/de\/wp-json\/wp\/v2\/product_tag?post=1035"}],"curies":[{"name":"wp","href":"https:\/\/api.w.org\/{rel}","templated":true}]}}