{"id":1030,"date":"2021-11-11T13:34:39","date_gmt":"2021-11-11T13:34:39","guid":{"rendered":"https:\/\/www.bvimedical.com\/de\/\/?post_type=product&#038;p=1030"},"modified":"2026-03-02T14:14:04","modified_gmt":"2026-03-02T13:14:04","slug":"sterile-spuelloesungen","status":"publish","type":"product","link":"https:\/\/www.bvimedical.com\/de\/product\/sterile-spuelloesungen\/","title":{"rendered":"Sterile Sp\u00fcll\u00f6sungen"},"content":{"rendered":"<p><strong>Beschreibung<\/strong><\/p>\n<p>Bei BVI bieten wir eine Reihe hochwertiger steriler Sp\u00fcll\u00f6sungen an, die entwickelt wurden, um unterschiedliche klinische Anforderungen zu erf\u00fcllen und die die folgenden Produkte umfassen:<br \/>\nAqure\u2122 20 ml (Kunststoffflasche) und Aqure\u2122 500 ml (erh\u00e4ltlich in Glas- oder Kunststoffflaschen) sind sterile, physiologische Sp\u00fcll\u00f6sungen f\u00fcr die ophthalmologische Anwendungen. Sie sind zur Sp\u00fclung der Vorderkammer bei der Kataraktchirurgie sowie f\u00fcr andere intraokulare oder extraokulare Eingriffe bestimmt, einschlie\u00dflich therapeutischer oder diagnostischer Anwendungen, bei denen eine Sp\u00fclung oder das Aufrechterhalten der Feuchtigkeit erforderlich ist.<br \/>\nAqueo Premium\u2122 ist eine angereicherte Kochsalzl\u00f6sung, die entwickelt wurde, um die anatomische und physiologische Integrit\u00e4t intraokularer Gewebe w\u00e4hrend ophthalmologischer Eingriffe zu unterst\u00fctzen. Sie ist mit einem Antioxidans (Glutathion), einem Puffersystem (Natriumbicarbonat) und einer Energiequelle (Glukose) formuliert und ahmt die nat\u00fcrliche chemische Zusammensetzung des Kammerwassers und des Glask\u00f6rpers nach.<br \/>\nDiese ausgewogene Formulierung bietet einen zuverl\u00e4ssigen Schutz sowohl bei Eingriffen am vorderen als auch am hinteren Augenabschnitt und tr\u00e4gt dazu bei, die Gewebestabilit\u00e4t w\u00e4hrend der gesamten Operation aufrechtzuerhalten.<\/p>\n<div class=\"get-us-url\">\n<div>https:\/\/www.bvimedical.com\/de\/wp-content\/uploads\/sites\/4\/2023\/11\/BVI-Product-Catalog-2023.pdf<\/div>\n<\/div>\n<p><a class=\"btntds\" style=\"width: 330px; margin-bottom: 20px;\" href=\"https:\/\/www.bvimedical.com\/de\/wp-content\/uploads\/sites\/4\/2026\/02\/Aqure-20ml_TDS_German.pdf\" target=\"_blank\" rel=\"noopener\">TDS Aqure 20 ml PP bottle<\/a><br \/>\n<a class=\"btntds\" style=\"width: 330px; margin-bottom: 20px;\" href=\"https:\/\/www.bvimedical.com\/de\/wp-content\/uploads\/sites\/4\/2026\/02\/Aqure-500ml-Glass_TDS_German.pdf\" target=\"_blank\" rel=\"noopener\">TDS Aqure 500 ml glass bottle<\/a><br \/>\n<a class=\"btntds\" style=\"width: 330px; margin-bottom: 20px;\" href=\"https:\/\/www.bvimedical.com\/de\/wp-content\/uploads\/sites\/4\/2026\/02\/Aqure-500ml-PP_TDS_German.pdf\" target=\"_blank\" rel=\"noopener\">TDS Aqure 500 ml plastic bottle<\/a><br \/>\n<a class=\"contact-fix uscat\" target=\"_blank\" rel=\"noopener\">Download US Catalog<\/a><\/p>\n<p><a class=\"contact-fix\" href=\"\/de\/contact\">Contact us<\/a><\/p>\n","protected":false},"excerpt":{"rendered":"<p>Beschreibung Bei BVI bieten wir eine Reihe hochwertiger steriler Sp\u00fcll\u00f6sungen an, die entwickelt wurden, um unterschiedliche klinische Anforderungen zu erf\u00fcllen und die die folgenden Produkte umfassen: Aqure\u2122 20 ml (Kunststoffflasche) und Aqure\u2122 500 ml (erh\u00e4ltlich in Glas- oder Kunststoffflaschen) sind sterile, physiologische Sp\u00fcll\u00f6sungen f\u00fcr die ophthalmologische Anwendungen. Sie sind zur Sp\u00fclung der Vorderkammer bei der [&hellip;]<\/p>\n","protected":false},"featured_media":6212,"comment_status":"closed","ping_status":"closed","template":"","meta":{"_acf_changed":false,"_relevanssi_hide_post":"","_relevanssi_hide_content":"","_relevanssi_pin_for_all":"","_relevanssi_pin_keywords":"","_relevanssi_unpin_keywords":"","_relevanssi_related_keywords":"","_relevanssi_related_include_ids":"","_relevanssi_related_exclude_ids":"","_relevanssi_related_no_append":"","_relevanssi_related_not_related":"","_relevanssi_related_posts":"","_relevanssi_noindex_reason":""},"product_brand":[],"product_cat":[26],"product_tag":[],"class_list":{"0":"post-1030","1":"product","2":"type-product","3":"status-publish","4":"has-post-thumbnail","6":"product_cat-sterile-spuelloesungen","8":"first","9":"instock","10":"virtual","11":"product-type-simple"},"acf":[],"_links":{"self":[{"href":"https:\/\/www.bvimedical.com\/de\/wp-json\/wp\/v2\/product\/1030","targetHints":{"allow":["GET"]}}],"collection":[{"href":"https:\/\/www.bvimedical.com\/de\/wp-json\/wp\/v2\/product"}],"about":[{"href":"https:\/\/www.bvimedical.com\/de\/wp-json\/wp\/v2\/types\/product"}],"replies":[{"embeddable":true,"href":"https:\/\/www.bvimedical.com\/de\/wp-json\/wp\/v2\/comments?post=1030"}],"wp:featuredmedia":[{"embeddable":true,"href":"https:\/\/www.bvimedical.com\/de\/wp-json\/wp\/v2\/media\/6212"}],"wp:attachment":[{"href":"https:\/\/www.bvimedical.com\/de\/wp-json\/wp\/v2\/media?parent=1030"}],"wp:term":[{"taxonomy":"product_brand","embeddable":true,"href":"https:\/\/www.bvimedical.com\/de\/wp-json\/wp\/v2\/product_brand?post=1030"},{"taxonomy":"product_cat","embeddable":true,"href":"https:\/\/www.bvimedical.com\/de\/wp-json\/wp\/v2\/product_cat?post=1030"},{"taxonomy":"product_tag","embeddable":true,"href":"https:\/\/www.bvimedical.com\/de\/wp-json\/wp\/v2\/product_tag?post=1030"}],"curies":[{"name":"wp","href":"https:\/\/api.w.org\/{rel}","templated":true}]}}